{"id":1258,"date":"2025-01-16T13:45:29","date_gmt":"2025-01-16T12:45:29","guid":{"rendered":"https:\/\/augierdemoussac.com\/?page_id=1258"},"modified":"2025-01-16T17:56:00","modified_gmt":"2025-01-16T16:56:00","slug":"mon-compte","status":"publish","type":"page","link":"https:\/\/augierdemoussac.com\/en\/mon-compte\/","title":{"rendered":"Mon compte"},"content":{"rendered":"<div data-elementor-type=\"wp-page\" data-elementor-id=\"1258\" class=\"elementor elementor-1258\" data-elementor-post-type=\"page\">\n\t\t\t\t<div class=\"elementor-element elementor-element-965d003 e-flex e-con-boxed e-con e-parent\" data-id=\"965d003\" data-element_type=\"container\" data-e-type=\"container\">\n\t\t\t\t\t<div class=\"e-con-inner\">\n\t\t\t\t<div class=\"elementor-element elementor-element-11a448c elementor-widget elementor-widget-heading\" data-id=\"11a448c\" data-element_type=\"widget\" data-e-type=\"widget\" data-widget_type=\"heading.default\">\n\t\t\t\t<div class=\"elementor-widget-container\">\n\t\t\t\t\t<h2 class=\"elementor-heading-title elementor-size-default\">Mon compte<\/h2>\t\t\t\t<\/div>\n\t\t\t\t<\/div>\n\t\t\t\t\t<\/div>\n\t\t\t\t<\/div>\n\t\t<div class=\"elementor-element elementor-element-c9e251f e-flex e-con-boxed e-con e-parent\" data-id=\"c9e251f\" data-element_type=\"container\" data-e-type=\"container\">\n\t\t\t\t\t<div class=\"e-con-inner\">\n\t\t\t\t<div class=\"elementor-element elementor-element-694651e e-my-account-tabs-vertical elementor-widget elementor-widget-woocommerce-my-account\" data-id=\"694651e\" data-element_type=\"widget\" data-e-type=\"widget\" data-widget_type=\"woocommerce-my-account.default\">\n\t\t\t\t<div class=\"elementor-widget-container\">\n\t\t\t\t\t<div class=\"e-my-account-tab e-my-account-tab__\">\t\t\t<div class=\"woocommerce\"><\/div>\t\t<\/div>\n\t\t\t\t\t\t<\/div>\n\t\t\t\t<\/div>\n\t\t\t\t\t<\/div>\n\t\t\t\t<\/div>\n\t\t\t\t<\/div>","protected":false},"excerpt":{"rendered":"<p>Mon compte Tableau de bord Commandes T\u00e9l\u00e9chargements Adresses D\u00e9tails du compte D\u00e9connexion Bonjour admin6770 (vous n\u2019\u00eates pas admin6770\u00a0? D\u00e9connexion) \u00c0 partir du tableau de bord de votre compte, vous pouvez visualiser vos commandes r\u00e9centes, g\u00e9rer vos adresses de livraison et de facturation ainsi que changer votre mot de passe et les d\u00e9tails de votre compte.<\/p>","protected":false},"author":1,"featured_media":0,"parent":0,"menu_order":6,"comment_status":"closed","ping_status":"closed","template":"","meta":{"footnotes":""},"class_list":["post-1258","page","type-page","status-publish","hentry"],"yoast_head":"<!-- This site is optimized with the Yoast SEO plugin v27.4 - https:\/\/yoast.com\/product\/yoast-seo-wordpress\/ -->\n<title>Augier de Moussac | Mon compte<\/title>\n<meta name=\"description\" content=\"Les ann\u00e9es 50, la m\u00e9diterran\u00e9e comme toile de fond, entre Tunis et le Sud de la France, ma grand-m\u00e8re, Madame Augier de Moussac, d\u00e9ambulait avec son essentiel, sa ceinture, qui habillait n\u2019importe quelle tenue\u2026\" \/>\n<meta name=\"robots\" content=\"index, follow, max-snippet:-1, max-image-preview:large, max-video-preview:-1\" \/>\n<link rel=\"canonical\" href=\"https:\/\/augierdemoussac.com\/en\/mon-compte\/\" \/>\n<meta property=\"og:locale\" content=\"en_GB\" \/>\n<meta property=\"og:type\" content=\"article\" \/>\n<meta property=\"og:title\" content=\"Augier de Moussac | Mon compte\" \/>\n<meta property=\"og:description\" content=\"Les ann\u00e9es 50, la m\u00e9diterran\u00e9e comme toile de fond, entre Tunis et le Sud de la France, ma grand-m\u00e8re, Madame Augier de Moussac, d\u00e9ambulait avec son essentiel, sa ceinture, qui habillait n\u2019importe quelle tenue\u2026\" \/>\n<meta property=\"og:url\" content=\"https:\/\/augierdemoussac.com\/en\/mon-compte\/\" \/>\n<meta property=\"og:site_name\" content=\"Augier de Moussac\" \/>\n<meta property=\"article:modified_time\" content=\"2025-01-16T16:56:00+00:00\" \/>\n<meta property=\"og:image\" content=\"https:\/\/augierdemoussac.com\/wp-content\/uploads\/2024\/08\/Unknown56-scaled-1.jpg\" \/>\n\t<meta property=\"og:image:width\" content=\"2031\" \/>\n\t<meta property=\"og:image:height\" content=\"1143\" \/>\n\t<meta property=\"og:image:type\" content=\"image\/jpeg\" \/>\n<meta name=\"twitter:card\" content=\"summary_large_image\" \/>\n<meta name=\"twitter:label1\" content=\"Estimated reading time\" \/>\n\t<meta name=\"twitter:data1\" content=\"1 minute\" \/>\n<script type=\"application\/ld+json\" class=\"yoast-schema-graph\">{\"@context\":\"https:\\\/\\\/schema.org\",\"@graph\":[{\"@type\":\"WebPage\",\"@id\":\"https:\\\/\\\/augierdemoussac.com\\\/mon-compte\\\/\",\"url\":\"https:\\\/\\\/augierdemoussac.com\\\/mon-compte\\\/\",\"name\":\"Augier de Moussac | Mon compte\",\"isPartOf\":{\"@id\":\"https:\\\/\\\/augierdemoussac.com\\\/#website\"},\"datePublished\":\"2025-01-16T12:45:29+00:00\",\"dateModified\":\"2025-01-16T16:56:00+00:00\",\"description\":\"Les ann\u00e9es 50, la m\u00e9diterran\u00e9e comme toile de fond, entre Tunis et le Sud de la France, ma grand-m\u00e8re, Madame Augier de Moussac, d\u00e9ambulait avec son essentiel, sa ceinture, qui habillait n\u2019importe quelle tenue\u2026\",\"breadcrumb\":{\"@id\":\"https:\\\/\\\/augierdemoussac.com\\\/mon-compte\\\/#breadcrumb\"},\"inLanguage\":\"en-GB\",\"potentialAction\":[{\"@type\":\"ReadAction\",\"target\":[\"https:\\\/\\\/augierdemoussac.com\\\/mon-compte\\\/\"]}]},{\"@type\":\"BreadcrumbList\",\"@id\":\"https:\\\/\\\/augierdemoussac.com\\\/mon-compte\\\/#breadcrumb\",\"itemListElement\":[{\"@type\":\"ListItem\",\"position\":1,\"name\":\"Accueil\",\"item\":\"https:\\\/\\\/augierdemoussac.com\\\/\"},{\"@type\":\"ListItem\",\"position\":2,\"name\":\"Mon compte\"}]},{\"@type\":\"WebSite\",\"@id\":\"https:\\\/\\\/augierdemoussac.com\\\/#website\",\"url\":\"https:\\\/\\\/augierdemoussac.com\\\/\",\"name\":\"Augier de Moussac\",\"description\":\"Maroquinerie artisanale\",\"publisher\":{\"@id\":\"https:\\\/\\\/augierdemoussac.com\\\/#organization\"},\"alternateName\":\"Augier de Moussac\",\"potentialAction\":[{\"@type\":\"SearchAction\",\"target\":{\"@type\":\"EntryPoint\",\"urlTemplate\":\"https:\\\/\\\/augierdemoussac.com\\\/?s={search_term_string}\"},\"query-input\":{\"@type\":\"PropertyValueSpecification\",\"valueRequired\":true,\"valueName\":\"search_term_string\"}}],\"inLanguage\":\"en-GB\"},{\"@type\":\"Organization\",\"@id\":\"https:\\\/\\\/augierdemoussac.com\\\/#organization\",\"name\":\"Augier de Moussac\",\"url\":\"https:\\\/\\\/augierdemoussac.com\\\/\",\"logo\":{\"@type\":\"ImageObject\",\"inLanguage\":\"en-GB\",\"@id\":\"https:\\\/\\\/augierdemoussac.com\\\/#\\\/schema\\\/logo\\\/image\\\/\",\"url\":\"https:\\\/\\\/augierdemoussac.com\\\/wp-content\\\/uploads\\\/2024\\\/08\\\/Unknown56-scaled-1.jpg\",\"contentUrl\":\"https:\\\/\\\/augierdemoussac.com\\\/wp-content\\\/uploads\\\/2024\\\/08\\\/Unknown56-scaled-1.jpg\",\"width\":2031,\"height\":1143,\"caption\":\"Augier de Moussac\"},\"image\":{\"@id\":\"https:\\\/\\\/augierdemoussac.com\\\/#\\\/schema\\\/logo\\\/image\\\/\"},\"sameAs\":[\"https:\\\/\\\/www.instagram.com\\\/augier_de_moussac\\\/\"]}]}<\/script>\n<!-- \/ Yoast SEO plugin. -->","yoast_head_json":{"title":"Augier de Moussac | Mon compte","description":"Les ann\u00e9es 50, la m\u00e9diterran\u00e9e comme toile de fond, entre Tunis et le Sud de la France, ma grand-m\u00e8re, Madame Augier de Moussac, d\u00e9ambulait avec son essentiel, sa ceinture, qui habillait n\u2019importe quelle tenue\u2026","robots":{"index":"index","follow":"follow","max-snippet":"max-snippet:-1","max-image-preview":"max-image-preview:large","max-video-preview":"max-video-preview:-1"},"canonical":"https:\/\/augierdemoussac.com\/en\/mon-compte\/","og_locale":"en_GB","og_type":"article","og_title":"Augier de Moussac | Mon compte","og_description":"Les ann\u00e9es 50, la m\u00e9diterran\u00e9e comme toile de fond, entre Tunis et le Sud de la France, ma grand-m\u00e8re, Madame Augier de Moussac, d\u00e9ambulait avec son essentiel, sa ceinture, qui habillait n\u2019importe quelle tenue\u2026","og_url":"https:\/\/augierdemoussac.com\/en\/mon-compte\/","og_site_name":"Augier de Moussac","article_modified_time":"2025-01-16T16:56:00+00:00","og_image":[{"width":2031,"height":1143,"url":"https:\/\/augierdemoussac.com\/wp-content\/uploads\/2024\/08\/Unknown56-scaled-1.jpg","type":"image\/jpeg"}],"twitter_card":"summary_large_image","twitter_misc":{"Estimated reading time":"1 minute"},"schema":{"@context":"https:\/\/schema.org","@graph":[{"@type":"WebPage","@id":"https:\/\/augierdemoussac.com\/mon-compte\/","url":"https:\/\/augierdemoussac.com\/mon-compte\/","name":"Augier de Moussac | Mon compte","isPartOf":{"@id":"https:\/\/augierdemoussac.com\/#website"},"datePublished":"2025-01-16T12:45:29+00:00","dateModified":"2025-01-16T16:56:00+00:00","description":"Les ann\u00e9es 50, la m\u00e9diterran\u00e9e comme toile de fond, entre Tunis et le Sud de la France, ma grand-m\u00e8re, Madame Augier de Moussac, d\u00e9ambulait avec son essentiel, sa ceinture, qui habillait n\u2019importe quelle tenue\u2026","breadcrumb":{"@id":"https:\/\/augierdemoussac.com\/mon-compte\/#breadcrumb"},"inLanguage":"en-GB","potentialAction":[{"@type":"ReadAction","target":["https:\/\/augierdemoussac.com\/mon-compte\/"]}]},{"@type":"BreadcrumbList","@id":"https:\/\/augierdemoussac.com\/mon-compte\/#breadcrumb","itemListElement":[{"@type":"ListItem","position":1,"name":"Accueil","item":"https:\/\/augierdemoussac.com\/"},{"@type":"ListItem","position":2,"name":"Mon compte"}]},{"@type":"WebSite","@id":"https:\/\/augierdemoussac.com\/#website","url":"https:\/\/augierdemoussac.com\/","name":"Augier de Moussac","description":"Maroquinerie artisanale","publisher":{"@id":"https:\/\/augierdemoussac.com\/#organization"},"alternateName":"Augier de Moussac","potentialAction":[{"@type":"SearchAction","target":{"@type":"EntryPoint","urlTemplate":"https:\/\/augierdemoussac.com\/?s={search_term_string}"},"query-input":{"@type":"PropertyValueSpecification","valueRequired":true,"valueName":"search_term_string"}}],"inLanguage":"en-GB"},{"@type":"Organization","@id":"https:\/\/augierdemoussac.com\/#organization","name":"Augier de Moussac","url":"https:\/\/augierdemoussac.com\/","logo":{"@type":"ImageObject","inLanguage":"en-GB","@id":"https:\/\/augierdemoussac.com\/#\/schema\/logo\/image\/","url":"https:\/\/augierdemoussac.com\/wp-content\/uploads\/2024\/08\/Unknown56-scaled-1.jpg","contentUrl":"https:\/\/augierdemoussac.com\/wp-content\/uploads\/2024\/08\/Unknown56-scaled-1.jpg","width":2031,"height":1143,"caption":"Augier de Moussac"},"image":{"@id":"https:\/\/augierdemoussac.com\/#\/schema\/logo\/image\/"},"sameAs":["https:\/\/www.instagram.com\/augier_de_moussac\/"]}]}},"_links":{"self":[{"href":"https:\/\/augierdemoussac.com\/en\/wp-json\/wp\/v2\/pages\/1258","targetHints":{"allow":["GET"]}}],"collection":[{"href":"https:\/\/augierdemoussac.com\/en\/wp-json\/wp\/v2\/pages"}],"about":[{"href":"https:\/\/augierdemoussac.com\/en\/wp-json\/wp\/v2\/types\/page"}],"author":[{"embeddable":true,"href":"https:\/\/augierdemoussac.com\/en\/wp-json\/wp\/v2\/users\/1"}],"replies":[{"embeddable":true,"href":"https:\/\/augierdemoussac.com\/en\/wp-json\/wp\/v2\/comments?post=1258"}],"version-history":[{"count":13,"href":"https:\/\/augierdemoussac.com\/en\/wp-json\/wp\/v2\/pages\/1258\/revisions"}],"predecessor-version":[{"id":1386,"href":"https:\/\/augierdemoussac.com\/en\/wp-json\/wp\/v2\/pages\/1258\/revisions\/1386"}],"wp:attachment":[{"href":"https:\/\/augierdemoussac.com\/en\/wp-json\/wp\/v2\/media?parent=1258"}],"curies":[{"name":"wp","href":"https:\/\/api.w.org\/{rel}","templated":true}]}}