{"id":17,"date":"2024-03-14T10:04:34","date_gmt":"2024-03-14T09:04:34","guid":{"rendered":"https:\/\/augierdemoussac.com\/?page_id=17"},"modified":"2025-01-28T11:55:16","modified_gmt":"2025-01-28T10:55:16","slug":"la-creatrice","status":"publish","type":"page","link":"https:\/\/augierdemoussac.com\/en\/la-creatrice\/","title":{"rendered":"Designer"},"content":{"rendered":"\t\t<div data-elementor-type=\"wp-page\" data-elementor-id=\"17\" class=\"elementor elementor-17\" data-elementor-post-type=\"page\">\n\t\t\t\t<div class=\"elementor-element elementor-element-c35f5ca e-con-full e-flex e-con e-parent\" data-id=\"c35f5ca\" data-element_type=\"container\" data-e-type=\"container\">\n\t\t<div class=\"elementor-element elementor-element-6c25c00 e-con-full e-flex e-con e-child\" data-id=\"6c25c00\" data-element_type=\"container\" data-e-type=\"container\">\n\t\t\t\t<div class=\"elementor-element elementor-element-cfc0ccc elementor-hidden-tablet elementor-hidden-mobile elementor-invisible elementor-widget elementor-widget-image\" data-id=\"cfc0ccc\" data-element_type=\"widget\" data-e-type=\"widget\" data-settings=\"{&quot;_animation&quot;:&quot;slideInLeft&quot;}\" data-widget_type=\"image.default\">\n\t\t\t\t<div class=\"elementor-widget-container\">\n\t\t\t\t\t\t\t\t\t\t\t\t\t\t\t<img decoding=\"async\" src=\"https:\/\/augierdemoussac.com\/wp-content\/uploads\/elementor\/thumbs\/Unknown18-qs7tjeeetm60gdz5iy1cag6dc3vxmnhpfgcnzt44f4.png\" title=\"Unknown[18]\" alt=\"Unknown[18]\" loading=\"lazy\" \/>\t\t\t\t\t\t\t\t\t\t\t\t\t\t\t<\/div>\n\t\t\t\t<\/div>\n\t\t\t\t<div class=\"elementor-element elementor-element-9f95707 elementor-hidden-desktop elementor-invisible elementor-widget elementor-widget-image\" data-id=\"9f95707\" data-element_type=\"widget\" data-e-type=\"widget\" data-settings=\"{&quot;_animation&quot;:&quot;slideInLeft&quot;,&quot;_animation_mobile&quot;:&quot;fadeIn&quot;}\" data-widget_type=\"image.default\">\n\t\t\t\t<div class=\"elementor-widget-container\">\n\t\t\t\t\t\t\t\t\t\t\t\t\t\t\t<img decoding=\"async\" src=\"https:\/\/augierdemoussac.com\/wp-content\/uploads\/elementor\/thumbs\/Unknown18-qs7tjeec7rimgdk8uaaafvgujzjqpko3y3leyt68cg.png\" title=\"Unknown[18]\" alt=\"Unknown[18]\" loading=\"lazy\" \/>\t\t\t\t\t\t\t\t\t\t\t\t\t\t\t<\/div>\n\t\t\t\t<\/div>\n\t\t\t\t<div class=\"elementor-element elementor-element-c758bd2 elementor-hidden-mobile elementor-invisible elementor-widget elementor-widget-image\" data-id=\"c758bd2\" data-element_type=\"widget\" data-e-type=\"widget\" data-settings=\"{&quot;motion_fx_motion_fx_scrolling&quot;:&quot;yes&quot;,&quot;motion_fx_devices&quot;:[&quot;desktop&quot;],&quot;_animation&quot;:&quot;slideInLeft&quot;,&quot;_animation_delay&quot;:800}\" data-widget_type=\"image.default\">\n\t\t\t\t<div class=\"elementor-widget-container\">\n\t\t\t\t\t\t\t\t\t\t\t\t\t\t\t<img fetchpriority=\"high\" decoding=\"async\" width=\"496\" height=\"490\" src=\"https:\/\/augierdemoussac.com\/wp-content\/uploads\/2024\/08\/cadres-brillants-ronds-metal-dore-epaisseur-differente-ombres-isolees-fond-transparent-e1722865565700.png\" class=\"attachment-full size-full wp-image-958\" alt=\"\" srcset=\"https:\/\/augierdemoussac.com\/wp-content\/uploads\/2024\/08\/cadres-brillants-ronds-metal-dore-epaisseur-differente-ombres-isolees-fond-transparent-e1722865565700.png 496w, https:\/\/augierdemoussac.com\/wp-content\/uploads\/2024\/08\/cadres-brillants-ronds-metal-dore-epaisseur-differente-ombres-isolees-fond-transparent-e1722865565700-300x296.png 300w\" sizes=\"(max-width: 496px) 100vw, 496px\" \/>\t\t\t\t\t\t\t\t\t\t\t\t\t\t\t<\/div>\n\t\t\t\t<\/div>\n\t\t\t\t<\/div>\n\t\t<div class=\"elementor-element elementor-element-4222323 e-con-full e-flex elementor-invisible e-con e-child\" data-id=\"4222323\" data-element_type=\"container\" data-e-type=\"container\" data-settings=\"{&quot;animation&quot;:&quot;fadeIn&quot;}\">\n\t\t\t\t<div class=\"elementor-element elementor-element-ef179cd elementor-widget elementor-widget-heading\" data-id=\"ef179cd\" data-element_type=\"widget\" data-e-type=\"widget\" data-settings=\"{&quot;_animation&quot;:&quot;none&quot;}\" data-widget_type=\"heading.default\">\n\t\t\t\t<div class=\"elementor-widget-container\">\n\t\t\t\t\t<h2 class=\"elementor-heading-title elementor-size-default\">La cr\u00e9atrice<\/h2>\t\t\t\t<\/div>\n\t\t\t\t<\/div>\n\t\t\t\t<div class=\"elementor-element elementor-element-6c87598 elementor-widget elementor-widget-text-editor\" data-id=\"6c87598\" data-element_type=\"widget\" data-e-type=\"widget\" data-settings=\"{&quot;_animation&quot;:&quot;none&quot;,&quot;_animation_delay&quot;:800}\" data-widget_type=\"text-editor.default\">\n\t\t\t\t<div class=\"elementor-widget-container\">\n\t\t\t\t\t\t\t\t\t<p>\u00ab Passionn\u00e9e par la mode et l\u2019art depuis toujours, j\u2019ai d\u00e9cid\u00e9 de r\u00e9\u00e9diter mon h\u00e9ritage pr\u00e9cieux, la ceinture que portait une femme qui avait une classe folle, mon aieule Marie Brigitte Augier de Moussac.<\/p><p>Un accessoire classique, qui structure et habille, la touche indispensable. J\u2019aime les d\u00e9tails qui font la diff\u00e9rence. Je r\u00eavais de cette ceinture dans des cuirs aux couleurs sublimes, comme celui que j\u2019utilise, et qui est un cuir pleine fleur\u00a0: du bleu marine, bleu Klein, vert anglais, prune, gold, chocolat et noir, pour sublimer mes tenues.<\/p><p>J\u2019en prends toujours une ou deux lors de mes vacances, week-ends, et d\u00e9placements professionnels, et je choisis mes tenues \u00e0 partir de l\u00e0.<\/p><p>C\u2019est un accessoire indispensable et intemporel.<\/p><p>Au fil des ann\u00e9es, la gamme de couleurs s\u2019\u00e9largira. J\u2019adore les nuances subtiles. J\u2019ai \u00e9galement dessin\u00e9 un motif pour mes sacs et pochettes. Les ateliers avec lesquels je travaille sont en France et font un travail d\u2019une qualit\u00e9 exceptionnelle.<\/p><p>Je n\u2019aime pas les accessoires \u00e9ph\u00e9m\u00e8res. J\u2019aime ce qui dure dans le temps, qui se patine, et qui se transmet, et c\u2019est le cas avec ma marque \u00ab Augier de Moussac \u00bb.<\/p>\t\t\t\t\t\t\t\t<\/div>\n\t\t\t\t<\/div>\n\t\t\t\t<div class=\"elementor-element elementor-element-92923e2 elementor-widget elementor-widget-text-editor\" data-id=\"92923e2\" data-element_type=\"widget\" data-e-type=\"widget\" data-settings=\"{&quot;_animation&quot;:&quot;none&quot;,&quot;_animation_delay&quot;:800}\" data-widget_type=\"text-editor.default\">\n\t\t\t\t<div class=\"elementor-widget-container\">\n\t\t\t\t\t\t\t\t\t<p>Marie Augier de Moussac<\/p>\t\t\t\t\t\t\t\t<\/div>\n\t\t\t\t<\/div>\n\t\t\t\t<\/div>\n\t\t\t\t<\/div>\n\t\t\t\t<\/div>\n\t\t","protected":false},"excerpt":{"rendered":"<p>La cr\u00e9atrice \u00ab Passionn\u00e9e par la mode et l\u2019art depuis toujours, j\u2019ai d\u00e9cid\u00e9 de r\u00e9\u00e9diter mon h\u00e9ritage pr\u00e9cieux, la ceinture que portait une femme qui avait une classe folle, mon aieule Marie Brigitte Augier de Moussac. Un accessoire classique, qui structure et habille, la touche indispensable. J\u2019aime les d\u00e9tails qui font la diff\u00e9rence. Je r\u00eavais [&hellip;]<\/p>\n","protected":false},"author":1,"featured_media":0,"parent":0,"menu_order":3,"comment_status":"closed","ping_status":"closed","template":"","meta":{"footnotes":""},"class_list":["post-17","page","type-page","status-publish","hentry"],"yoast_head":"<!-- This site is optimized with the Yoast SEO plugin v27.3 - https:\/\/yoast.com\/product\/yoast-seo-wordpress\/ -->\n<title>Augier de Moussac | La cr\u00e9atrice<\/title>\n<meta name=\"description\" content=\"Les ann\u00e9es 50, la m\u00e9diterran\u00e9e comme toile de fond, entre Tunis et le Sud de la France, ma grand-m\u00e8re, Madame Augier de Moussac, d\u00e9ambulait avec son essentiel, sa ceinture, qui habillait n\u2019importe quelle tenue\u2026\" \/>\n<meta name=\"robots\" content=\"index, follow, max-snippet:-1, max-image-preview:large, max-video-preview:-1\" \/>\n<link rel=\"canonical\" href=\"https:\/\/augierdemoussac.com\/en\/la-creatrice\/\" \/>\n<meta property=\"og:locale\" content=\"en_GB\" \/>\n<meta property=\"og:type\" content=\"article\" \/>\n<meta property=\"og:title\" content=\"Augier de Moussac | La cr\u00e9atrice\" \/>\n<meta property=\"og:description\" content=\"Les ann\u00e9es 50, la m\u00e9diterran\u00e9e comme toile de fond, entre Tunis et le Sud de la France, ma grand-m\u00e8re, Madame Augier de Moussac, d\u00e9ambulait avec son essentiel, sa ceinture, qui habillait n\u2019importe quelle tenue\u2026\" \/>\n<meta property=\"og:url\" content=\"https:\/\/augierdemoussac.com\/en\/la-creatrice\/\" \/>\n<meta property=\"og:site_name\" content=\"Augier de Moussac\" \/>\n<meta property=\"article:modified_time\" content=\"2025-01-28T10:55:16+00:00\" \/>\n<meta property=\"og:image\" content=\"https:\/\/augierdemoussac.com\/wp-content\/uploads\/elementor\/thumbs\/Unknown18-qs7tjeeetm60gdz5iy1cag6dc3vxmnhpfgcnzt44f4.png\" \/>\n<meta name=\"twitter:card\" content=\"summary_large_image\" \/>\n<meta name=\"twitter:label1\" content=\"Estimated reading time\" \/>\n\t<meta name=\"twitter:data1\" content=\"2 minutes\" \/>\n<script type=\"application\/ld+json\" class=\"yoast-schema-graph\">{\"@context\":\"https:\\\/\\\/schema.org\",\"@graph\":[{\"@type\":\"WebPage\",\"@id\":\"https:\\\/\\\/augierdemoussac.com\\\/la-creatrice\\\/\",\"url\":\"https:\\\/\\\/augierdemoussac.com\\\/la-creatrice\\\/\",\"name\":\"Augier de Moussac | La cr\u00e9atrice\",\"isPartOf\":{\"@id\":\"https:\\\/\\\/augierdemoussac.com\\\/#website\"},\"primaryImageOfPage\":{\"@id\":\"https:\\\/\\\/augierdemoussac.com\\\/la-creatrice\\\/#primaryimage\"},\"image\":{\"@id\":\"https:\\\/\\\/augierdemoussac.com\\\/la-creatrice\\\/#primaryimage\"},\"thumbnailUrl\":\"https:\\\/\\\/augierdemoussac.com\\\/wp-content\\\/uploads\\\/elementor\\\/thumbs\\\/Unknown18-qs7tjeeetm60gdz5iy1cag6dc3vxmnhpfgcnzt44f4.png\",\"datePublished\":\"2024-03-14T09:04:34+00:00\",\"dateModified\":\"2025-01-28T10:55:16+00:00\",\"description\":\"Les ann\u00e9es 50, la m\u00e9diterran\u00e9e comme toile de fond, entre Tunis et le Sud de la France, ma grand-m\u00e8re, Madame Augier de Moussac, d\u00e9ambulait avec son essentiel, sa ceinture, qui habillait n\u2019importe quelle tenue\u2026\",\"breadcrumb\":{\"@id\":\"https:\\\/\\\/augierdemoussac.com\\\/la-creatrice\\\/#breadcrumb\"},\"inLanguage\":\"en-GB\",\"potentialAction\":[{\"@type\":\"ReadAction\",\"target\":[\"https:\\\/\\\/augierdemoussac.com\\\/la-creatrice\\\/\"]}]},{\"@type\":\"ImageObject\",\"inLanguage\":\"en-GB\",\"@id\":\"https:\\\/\\\/augierdemoussac.com\\\/la-creatrice\\\/#primaryimage\",\"url\":\"https:\\\/\\\/augierdemoussac.com\\\/wp-content\\\/uploads\\\/elementor\\\/thumbs\\\/Unknown18-qs7tjeeetm60gdz5iy1cag6dc3vxmnhpfgcnzt44f4.png\",\"contentUrl\":\"https:\\\/\\\/augierdemoussac.com\\\/wp-content\\\/uploads\\\/elementor\\\/thumbs\\\/Unknown18-qs7tjeeetm60gdz5iy1cag6dc3vxmnhpfgcnzt44f4.png\"},{\"@type\":\"BreadcrumbList\",\"@id\":\"https:\\\/\\\/augierdemoussac.com\\\/la-creatrice\\\/#breadcrumb\",\"itemListElement\":[{\"@type\":\"ListItem\",\"position\":1,\"name\":\"Accueil\",\"item\":\"https:\\\/\\\/augierdemoussac.com\\\/\"},{\"@type\":\"ListItem\",\"position\":2,\"name\":\"La cr\u00e9atrice\"}]},{\"@type\":\"WebSite\",\"@id\":\"https:\\\/\\\/augierdemoussac.com\\\/#website\",\"url\":\"https:\\\/\\\/augierdemoussac.com\\\/\",\"name\":\"Augier de Moussac\",\"description\":\"Maroquinerie artisanale\",\"publisher\":{\"@id\":\"https:\\\/\\\/augierdemoussac.com\\\/#organization\"},\"alternateName\":\"Augier de Moussac\",\"potentialAction\":[{\"@type\":\"SearchAction\",\"target\":{\"@type\":\"EntryPoint\",\"urlTemplate\":\"https:\\\/\\\/augierdemoussac.com\\\/?s={search_term_string}\"},\"query-input\":{\"@type\":\"PropertyValueSpecification\",\"valueRequired\":true,\"valueName\":\"search_term_string\"}}],\"inLanguage\":\"en-GB\"},{\"@type\":\"Organization\",\"@id\":\"https:\\\/\\\/augierdemoussac.com\\\/#organization\",\"name\":\"Augier de Moussac\",\"url\":\"https:\\\/\\\/augierdemoussac.com\\\/\",\"logo\":{\"@type\":\"ImageObject\",\"inLanguage\":\"en-GB\",\"@id\":\"https:\\\/\\\/augierdemoussac.com\\\/#\\\/schema\\\/logo\\\/image\\\/\",\"url\":\"https:\\\/\\\/augierdemoussac.com\\\/wp-content\\\/uploads\\\/2024\\\/08\\\/Unknown56-scaled-1.jpg\",\"contentUrl\":\"https:\\\/\\\/augierdemoussac.com\\\/wp-content\\\/uploads\\\/2024\\\/08\\\/Unknown56-scaled-1.jpg\",\"width\":2031,\"height\":1143,\"caption\":\"Augier de Moussac\"},\"image\":{\"@id\":\"https:\\\/\\\/augierdemoussac.com\\\/#\\\/schema\\\/logo\\\/image\\\/\"},\"sameAs\":[\"https:\\\/\\\/www.instagram.com\\\/augier_de_moussac\\\/\"]}]}<\/script>\n<!-- \/ Yoast SEO plugin. -->","yoast_head_json":{"title":"Augier de Moussac | La cr\u00e9atrice","description":"Les ann\u00e9es 50, la m\u00e9diterran\u00e9e comme toile de fond, entre Tunis et le Sud de la France, ma grand-m\u00e8re, Madame Augier de Moussac, d\u00e9ambulait avec son essentiel, sa ceinture, qui habillait n\u2019importe quelle tenue\u2026","robots":{"index":"index","follow":"follow","max-snippet":"max-snippet:-1","max-image-preview":"max-image-preview:large","max-video-preview":"max-video-preview:-1"},"canonical":"https:\/\/augierdemoussac.com\/en\/la-creatrice\/","og_locale":"en_GB","og_type":"article","og_title":"Augier de Moussac | La cr\u00e9atrice","og_description":"Les ann\u00e9es 50, la m\u00e9diterran\u00e9e comme toile de fond, entre Tunis et le Sud de la France, ma grand-m\u00e8re, Madame Augier de Moussac, d\u00e9ambulait avec son essentiel, sa ceinture, qui habillait n\u2019importe quelle tenue\u2026","og_url":"https:\/\/augierdemoussac.com\/en\/la-creatrice\/","og_site_name":"Augier de Moussac","article_modified_time":"2025-01-28T10:55:16+00:00","og_image":[{"url":"https:\/\/augierdemoussac.com\/wp-content\/uploads\/elementor\/thumbs\/Unknown18-qs7tjeeetm60gdz5iy1cag6dc3vxmnhpfgcnzt44f4.png","type":"","width":"","height":""}],"twitter_card":"summary_large_image","twitter_misc":{"Estimated reading time":"2 minutes"},"schema":{"@context":"https:\/\/schema.org","@graph":[{"@type":"WebPage","@id":"https:\/\/augierdemoussac.com\/la-creatrice\/","url":"https:\/\/augierdemoussac.com\/la-creatrice\/","name":"Augier de Moussac | La cr\u00e9atrice","isPartOf":{"@id":"https:\/\/augierdemoussac.com\/#website"},"primaryImageOfPage":{"@id":"https:\/\/augierdemoussac.com\/la-creatrice\/#primaryimage"},"image":{"@id":"https:\/\/augierdemoussac.com\/la-creatrice\/#primaryimage"},"thumbnailUrl":"https:\/\/augierdemoussac.com\/wp-content\/uploads\/elementor\/thumbs\/Unknown18-qs7tjeeetm60gdz5iy1cag6dc3vxmnhpfgcnzt44f4.png","datePublished":"2024-03-14T09:04:34+00:00","dateModified":"2025-01-28T10:55:16+00:00","description":"Les ann\u00e9es 50, la m\u00e9diterran\u00e9e comme toile de fond, entre Tunis et le Sud de la France, ma grand-m\u00e8re, Madame Augier de Moussac, d\u00e9ambulait avec son essentiel, sa ceinture, qui habillait n\u2019importe quelle tenue\u2026","breadcrumb":{"@id":"https:\/\/augierdemoussac.com\/la-creatrice\/#breadcrumb"},"inLanguage":"en-GB","potentialAction":[{"@type":"ReadAction","target":["https:\/\/augierdemoussac.com\/la-creatrice\/"]}]},{"@type":"ImageObject","inLanguage":"en-GB","@id":"https:\/\/augierdemoussac.com\/la-creatrice\/#primaryimage","url":"https:\/\/augierdemoussac.com\/wp-content\/uploads\/elementor\/thumbs\/Unknown18-qs7tjeeetm60gdz5iy1cag6dc3vxmnhpfgcnzt44f4.png","contentUrl":"https:\/\/augierdemoussac.com\/wp-content\/uploads\/elementor\/thumbs\/Unknown18-qs7tjeeetm60gdz5iy1cag6dc3vxmnhpfgcnzt44f4.png"},{"@type":"BreadcrumbList","@id":"https:\/\/augierdemoussac.com\/la-creatrice\/#breadcrumb","itemListElement":[{"@type":"ListItem","position":1,"name":"Accueil","item":"https:\/\/augierdemoussac.com\/"},{"@type":"ListItem","position":2,"name":"La cr\u00e9atrice"}]},{"@type":"WebSite","@id":"https:\/\/augierdemoussac.com\/#website","url":"https:\/\/augierdemoussac.com\/","name":"Augier de Moussac","description":"Maroquinerie artisanale","publisher":{"@id":"https:\/\/augierdemoussac.com\/#organization"},"alternateName":"Augier de Moussac","potentialAction":[{"@type":"SearchAction","target":{"@type":"EntryPoint","urlTemplate":"https:\/\/augierdemoussac.com\/?s={search_term_string}"},"query-input":{"@type":"PropertyValueSpecification","valueRequired":true,"valueName":"search_term_string"}}],"inLanguage":"en-GB"},{"@type":"Organization","@id":"https:\/\/augierdemoussac.com\/#organization","name":"Augier de Moussac","url":"https:\/\/augierdemoussac.com\/","logo":{"@type":"ImageObject","inLanguage":"en-GB","@id":"https:\/\/augierdemoussac.com\/#\/schema\/logo\/image\/","url":"https:\/\/augierdemoussac.com\/wp-content\/uploads\/2024\/08\/Unknown56-scaled-1.jpg","contentUrl":"https:\/\/augierdemoussac.com\/wp-content\/uploads\/2024\/08\/Unknown56-scaled-1.jpg","width":2031,"height":1143,"caption":"Augier de Moussac"},"image":{"@id":"https:\/\/augierdemoussac.com\/#\/schema\/logo\/image\/"},"sameAs":["https:\/\/www.instagram.com\/augier_de_moussac\/"]}]}},"_links":{"self":[{"href":"https:\/\/augierdemoussac.com\/en\/wp-json\/wp\/v2\/pages\/17","targetHints":{"allow":["GET"]}}],"collection":[{"href":"https:\/\/augierdemoussac.com\/en\/wp-json\/wp\/v2\/pages"}],"about":[{"href":"https:\/\/augierdemoussac.com\/en\/wp-json\/wp\/v2\/types\/page"}],"author":[{"embeddable":true,"href":"https:\/\/augierdemoussac.com\/en\/wp-json\/wp\/v2\/users\/1"}],"replies":[{"embeddable":true,"href":"https:\/\/augierdemoussac.com\/en\/wp-json\/wp\/v2\/comments?post=17"}],"version-history":[{"count":101,"href":"https:\/\/augierdemoussac.com\/en\/wp-json\/wp\/v2\/pages\/17\/revisions"}],"predecessor-version":[{"id":1434,"href":"https:\/\/augierdemoussac.com\/en\/wp-json\/wp\/v2\/pages\/17\/revisions\/1434"}],"wp:attachment":[{"href":"https:\/\/augierdemoussac.com\/en\/wp-json\/wp\/v2\/media?parent=17"}],"curies":[{"name":"wp","href":"https:\/\/api.w.org\/{rel}","templated":true}]}}